{"id":73,"date":"2018-09-17T07:38:30","date_gmt":"2018-09-17T07:38:30","guid":{"rendered":"https:\/\/www.experienceretail.it\/?page_id=73"},"modified":"2019-02-06T08:53:32","modified_gmt":"2019-02-06T08:53:32","slug":"comitato-scientifico","status":"publish","type":"page","link":"https:\/\/experienceretail-staging2026.senaf.it\/it\/comitato-scientifico\/","title":{"rendered":"Comitato scientifico"},"content":{"rendered":"[vc_row equal_height=&#8221;yes&#8221; el_class=&#8221;my-1&#8243;][vc_column][vc_row_inner equal_height=&#8221;yes&#8221; content_placement=&#8221;top&#8221;][vc_column_inner el_class=&#8221;py-lg-2 px-lg-5&#8243; width=&#8221;1\/4&#8243;][\/vc_column_inner][vc_column_inner el_class=&#8221;py-lg-2 px-lg-5&#8243; width=&#8221;1\/2&#8243;][vc_column_text]\n<h2 style=\"text-align: center\">Il Comitato Scientifico di Experience Retail<\/h2>\n[\/vc_column_text][\/vc_column_inner][vc_column_inner width=&#8221;1\/4&#8243;][\/vc_column_inner][\/vc_row_inner][\/vc_column][\/vc_row][vc_row equal_height=&#8221;yes&#8221;][vc_column offset=&#8221;vc_col-md-offset-1 vc_col-md-10&#8243;][vc_row_inner][vc_column_inner width=&#8221;1\/4&#8243;][\/vc_column_inner][vc_column_inner width=&#8221;1\/4&#8243;][vc_single_image image=&#8221;172&#8243; img_size=&#8221;medium&#8221; add_caption=&#8221;yes&#8221; style=&#8221;vc_box_shadow_border_circle_2&#8243; css_animation=&#8221;appear&#8221;][\/vc_column_inner][vc_column_inner width=&#8221;1\/4&#8243;][vc_column_text css_animation=&#8221;appear&#8221; el_class=&#8221;text-center&#8221;]\n<h4 class=\"text-uppercase\"><em>Cristina Lazzati<\/em><\/h4>\n<p><em>Cristina Lazzati, Direttore responsabile MARK UP e GDOWEEK, si\u00a0laurea in Economia all\u2019Universit\u00e0 Bocconi e inizia la carriera giornalistica negli anni \u201990 collaborando da New York per Elle, L\u2019Espresso e Italia Oggi. Lasciati gli Stati Uniti, nel 2000 si trasferisce a Milano dove inizia a occuparsi di retail per GDOWEEK, diventando direttrice nel 2008. Nel 2011 \u00e8 vicedirettrice dell\u2019Area Retail e nel 2014, con il passaggio dal Gruppo 24 ORE al Gruppo Tecniche Nuove, assume la direzione di MARK UP e GDOWEEK.<\/em>[\/vc_column_text][\/vc_column_inner][vc_column_inner width=&#8221;1\/4&#8243;][\/vc_column_inner][\/vc_row_inner][vc_row_inner gap=&#8221;35&#8243;][vc_column_inner width=&#8221;1\/4&#8243;][vc_single_image image=&#8221;119&#8243; img_size=&#8221;medium&#8221; add_caption=&#8221;yes&#8221; alignment=&#8221;center&#8221; style=&#8221;vc_box_shadow_border_circle_2&#8243; css_animation=&#8221;zoomIn&#8221;][vc_column_text css_animation=&#8221;appear&#8221; el_class=&#8221;text-center&#8221;]\n<h4 class=\"text-uppercase\">Alberto Grando<\/h4>\n<p><em>Professore di Production and Operations Management presso l&#8217;Universit\u00e0 Bocconi, dove attualmente \u00e8 Prorettore per l\u2019Attuazione del piano strategico, dopo aver ricoperto il ruolo di Prorettore per lo Sviluppo (2012-2016). Docente di Operations Management presso la SDA Bocconi School of Management, della quale \u00e8 stato Dean dal 2006 al 2012. Visiting Professor presso diverse universit\u00e0 all\u2019estero, \u00e8 inoltre membro di comitati scientifici e accademici di istituzioni e centri di ricerca nazionali e internazionali.<\/em>[\/vc_column_text][\/vc_column_inner][vc_column_inner width=&#8221;1\/4&#8243;][vc_single_image image=&#8221;120&#8243; img_size=&#8221;medium&#8221; alignment=&#8221;center&#8221; style=&#8221;vc_box_shadow_border_circle_2&#8243; css_animation=&#8221;appear&#8221;][vc_column_text css_animation=&#8221;appear&#8221; el_class=&#8221;text-center&#8221;]\n<h4 class=\"text-uppercase\">Sandro Castaldo<\/h4>\n<p><em>Sandro Castaldo \u00e8 professore ordinario di Economia e gestione delle Imprese presso l\u2019Universit\u00e0 Commerciale L.Bocconi, dove insegna Channel Marketing e Retailing. E\u2019 Liason Officer della Sda Bocconi, dove ha ricoperto in passato i ruoli di Direttore dell\u2019Arera Marketing e della Divisione Executive Education Open Programs e dove svolge attivit\u00e0 di docenza e coordinamento su vari corsi e master. E\u2019 stato visiting professor presso il College of Business Administration della University of Florida. E\u2019 autore di numerosi libri e articoli pubblicati su riviste nazionali e internazionali su temi della fiducia, dei canali distributivi e del retail. E\u2019 inoltre segretario della Sima (Societ\u00e0 Italiana Management), membro del board di Fint (First International Network on Trust) e socio di numerose associazioni accademiche nazionali e internazionali. E\u2019 partner e fondatore di Focus Management.<\/em>[\/vc_column_text][\/vc_column_inner][vc_column_inner width=&#8221;1\/4&#8243;][vc_single_image image=&#8221;118&#8243; img_size=&#8221;medium&#8221; add_caption=&#8221;yes&#8221; alignment=&#8221;center&#8221; style=&#8221;vc_box_shadow_border_circle_2&#8243; css_animation=&#8221;zoomIn&#8221;][vc_column_text css_animation=&#8221;appear&#8221; el_class=&#8221;text-center&#8221;]\n<h4 class=\"text-uppercase\"><em>Paolo Lucchetta<\/em><\/h4>\n<p><em>Paolo Lucchetta si laurea in Architettura a Venezia con Aldo Rossi. Nel 1999 fonda \u201cRetailDesign srl\u201d insediata nel Parco Scientifico e Tecnologico di Venezia. RetailDesign srl \u00e8 costituita da un team di giovani Architetti, Designer, Artisti che con passione, divertimento ed ironia ha affrontato il tema dell\u2019innovazione per conto di retailers nelle aree Fashion, Home, Food, Style. Svolge attivit\u00e0 di ricerca collaborando con Universit\u00e0 Europee e Internazionali su tematiche di retail design ed evoluzione delle tipologie commerciali. Dal 2006 \u00e8 stato docente Architettura d\u2019interni al Master del Politecnico di Milano (Master Idea) e dal 2012 al 2015 docente di Design e Processi per l\u2019Innovazione all\u2019Universit\u00e0 Iuav di Venezia.<\/em>[\/vc_column_text][\/vc_column_inner][vc_column_inner width=&#8221;1\/4&#8243;][vc_single_image image=&#8221;121&#8243; img_size=&#8221;medium&#8221; alignment=&#8221;center&#8221; style=&#8221;vc_box_shadow_border_circle_2&#8243; css_animation=&#8221;zoomIn&#8221;][vc_column_text css_animation=&#8221;appear&#8221; el_class=&#8221;text-center&#8221;]\n<h4 class=\"text-uppercase\">Fabrizio Valente<\/h4>\n<p><em>Fabrizio Valente, Founder e Amm. Del.\u00a0<\/em><em>di Kiki Lab \u2013 Ebeltoft Italy, Si occupa di retail e consumi da oltre 30 anni.<br \/>\nNel 2001 ha fondato Kiki Lab, societ\u00e0 specializzata nel retail a 360\u00b0 con attivit\u00e0 di consulenza, ricerche e formazione per Retailer, Aziende di Marca e di servizi, di vari settori e posizionamenti, dal mass-market al lusso.<br \/>\nKiki Lab \u00e8 l\u2019unico membro italiano di Ebeltoft Group, consorzio di 26 societ\u00e0 che opera in tutto il mondo e pubblica annualmente ricerche mondiali su vari temi: Retail Innovations, Horizontal Retail, Service @ Retail, Identity-Food nel Risto-Retail, Store-Centric Cross-Channel, Brands go to Retail, The Trust Factor.<br \/>\n\u00c8 membro di Giurie che assegnano Premi al retail (World Retail Congress, Confcommercio, MAPIC) e del Club degli Innovatori di Confcommercio. Insegna ai Master sul Retail del CUOA e dell\u2019ISTUD e ha avuto occasione di parlare di retail, innovazione, cambiamento, motivazione dei team in convegni e convention in varie citt\u00e0 del mondo.<\/em>[\/vc_column_text][\/vc_column_inner][\/vc_row_inner][vc_separator][\/vc_column][\/vc_row]\n","protected":false},"excerpt":{"rendered":"<p>[vc_row equal_height=&#8221;yes&#8221; el_class=&#8221;my-1&#8243;][vc_column][vc_row_inner equal_height=&#8221;yes&#8221; content_placement=&#8221;top&#8221;][vc_column_inner el_class=&#8221;py-lg-2 px-lg-5&#8243; width=&#8221;1\/4&#8243;][\/vc_column_inner][vc_column_inner el_class=&#8221;py-lg-2 px-lg-5&#8243; width=&#8221;1\/2&#8243;][vc_column_text] Il Comitato Scientifico di Experience Retail [\/vc_column_text][\/vc_column_inner][vc_column_inner width=&#8221;1\/4&#8243;][\/vc_column_inner][\/vc_row_inner][\/vc_column][\/vc_row][vc_row equal_height=&#8221;yes&#8221;][vc_column offset=&#8221;vc_col-md-offset-1 vc_col-md-10&#8243;][vc_row_inner][vc_column_inner width=&#8221;1\/4&#8243;][\/vc_column_inner][vc_column_inner width=&#8221;1\/4&#8243;][vc_single_image image=&#8221;172&#8243; img_size=&#8221;medium&#8221; add_caption=&#8221;yes&#8221; style=&#8221;vc_box_shadow_border_circle_2&#8243; css_animation=&#8221;appear&#8221;][\/vc_column_inner][vc_column_inner width=&#8221;1\/4&#8243;][vc_column_text css_animation=&#8221;appear&#8221; el_class=&#8221;text-center&#8221;] Cristina Lazzati Cristina Lazzati, Direttore responsabile MARK UP e GDOWEEK, si\u00a0laurea in Economia all\u2019Universit\u00e0 Bocconi e inizia la carriera giornalistica negli anni \u201990 [&hellip;]<\/p>\n","protected":false},"author":1,"featured_media":31,"parent":0,"menu_order":0,"comment_status":"closed","ping_status":"closed","template":"","meta":[],"acf":[],"aioseo_notices":[],"_links":{"self":[{"href":"https:\/\/experienceretail-staging2026.senaf.it\/it\/wp-json\/wp\/v2\/pages\/73"}],"collection":[{"href":"https:\/\/experienceretail-staging2026.senaf.it\/it\/wp-json\/wp\/v2\/pages"}],"about":[{"href":"https:\/\/experienceretail-staging2026.senaf.it\/it\/wp-json\/wp\/v2\/types\/page"}],"author":[{"embeddable":true,"href":"https:\/\/experienceretail-staging2026.senaf.it\/it\/wp-json\/wp\/v2\/users\/1"}],"replies":[{"embeddable":true,"href":"https:\/\/experienceretail-staging2026.senaf.it\/it\/wp-json\/wp\/v2\/comments?post=73"}],"version-history":[{"count":3,"href":"https:\/\/experienceretail-staging2026.senaf.it\/it\/wp-json\/wp\/v2\/pages\/73\/revisions"}],"predecessor-version":[{"id":554,"href":"https:\/\/experienceretail-staging2026.senaf.it\/it\/wp-json\/wp\/v2\/pages\/73\/revisions\/554"}],"wp:featuredmedia":[{"embeddable":true,"href":"https:\/\/experienceretail-staging2026.senaf.it\/it\/wp-json\/wp\/v2\/media\/31"}],"wp:attachment":[{"href":"https:\/\/experienceretail-staging2026.senaf.it\/it\/wp-json\/wp\/v2\/media?parent=73"}],"curies":[{"name":"wp","href":"https:\/\/api.w.org\/{rel}","templated":true}]}}